{"id":46,"date":"2025-01-18T13:45:02","date_gmt":"2025-01-18T13:45:02","guid":{"rendered":"https:\/\/profit.erasmus.site\/?page_id=46"},"modified":"2026-03-20T13:07:36","modified_gmt":"2026-03-20T13:07:36","slug":"home","status":"publish","type":"page","link":"https:\/\/profit.erasmus.site\/pl\/","title":{"rendered":"Strona g\u0142\u00f3wna"},"content":{"rendered":"\t\t<div data-elementor-type=\"wp-page\" data-elementor-id=\"46\" class=\"elementor elementor-46\">\n\t\t\t\t<div class=\"elementor-element elementor-element-a200d98 e-flex e-con-boxed e-con e-parent\" data-id=\"a200d98\" data-element_type=\"container\" data-e-type=\"container\" data-settings=\"{&quot;background_background&quot;:&quot;classic&quot;}\">\n\t\t\t\t\t<div class=\"e-con-inner\">\n\t\t<div class=\"elementor-element elementor-element-08fddf8 e-con-full e-transform e-flex e-con e-child\" data-id=\"08fddf8\" data-element_type=\"container\" data-e-type=\"container\" data-settings=\"{&quot;_transform_scale_effect_hover&quot;:{&quot;unit&quot;:&quot;px&quot;,&quot;size&quot;:1.1,&quot;sizes&quot;:[]},&quot;background_background&quot;:&quot;classic&quot;,&quot;_transform_scale_effect_hover_tablet&quot;:{&quot;unit&quot;:&quot;px&quot;,&quot;size&quot;:&quot;&quot;,&quot;sizes&quot;:[]},&quot;_transform_scale_effect_hover_mobile&quot;:{&quot;unit&quot;:&quot;px&quot;,&quot;size&quot;:&quot;&quot;,&quot;sizes&quot;:[]}}\">\n\t\t\t\t<div class=\"elementor-element elementor-element-4f97eeb elementor-widget elementor-widget-heading\" data-id=\"4f97eeb\" data-element_type=\"widget\" data-e-type=\"widget\" data-widget_type=\"heading.default\">\n\t\t\t\t<div class=\"elementor-widget-container\">\n\t\t\t\t\t<h1 class=\"elementor-heading-title elementor-size-default\">PROFIT<\/h1>\t\t\t\t<\/div>\n\t\t\t\t<\/div>\n\t\t\t\t<div class=\"elementor-element elementor-element-4bd8918 elementor-widget elementor-widget-text-editor\" data-id=\"4bd8918\" data-element_type=\"widget\" data-e-type=\"widget\" data-widget_type=\"text-editor.default\">\n\t\t\t\t<div class=\"elementor-widget-container\">\n\t\t\t\t\t\t\t\t\t<p>Personal Reflection On Finance, Investment, Terminology<\/p>\t\t\t\t\t\t\t\t<\/div>\n\t\t\t\t<\/div>\n\t\t\t\t<\/div>\n\t\t\t\t\t<\/div>\n\t\t\t\t<\/div>\n\t\t<div class=\"elementor-element elementor-element-deda7d4 e-flex e-con-boxed e-con e-parent\" data-id=\"deda7d4\" data-element_type=\"container\" data-e-type=\"container\" data-settings=\"{&quot;background_background&quot;:&quot;classic&quot;}\">\n\t\t\t\t\t<div class=\"e-con-inner\">\n\t\t<div class=\"elementor-element elementor-element-1e46e28 e-con-full e-flex e-con e-child\" data-id=\"1e46e28\" data-element_type=\"container\" data-e-type=\"container\">\n\t\t<div class=\"elementor-element elementor-element-9fbf25c e-con-full e-flex e-con e-child\" data-id=\"9fbf25c\" data-element_type=\"container\" data-e-type=\"container\" data-settings=\"{&quot;background_background&quot;:&quot;classic&quot;}\">\n\t\t\t\t<div class=\"elementor-element elementor-element-3899205 elementor-widget elementor-widget-text-editor\" data-id=\"3899205\" data-element_type=\"widget\" data-e-type=\"widget\" data-widget_type=\"text-editor.default\">\n\t\t\t\t<div class=\"elementor-widget-container\">\n\t\t\t\t\t\t\t\t\t<p><\/li><\/ul><p><\/li><\/ul><p><\/li><\/ul><p>Projekt PROFIT umo\u017cliwia m\u0142odzie\u017cy rozwijanie podstawowych umiej\u0119tno\u015bci finansowych poprzez wci\u0105gaj\u0105c\u0105, grywalizacyjn\u0105 cyfrow\u0105 powie\u015b\u0107 graficzn\u0105 (GDGN). \u0141\u0105cz\u0105c opowiadanie historii i grywalizacj\u0119, zajmuje si\u0119 dysproporcjami w wiedzy finansowej, wspieraj\u0105c \u015bwiadome podejmowanie decyzji i p\u0142ynne przej\u015bcie do doros\u0142o\u015bci.<\/p><p>Tematy podejmowane przez PROFIT:<\/p><ul><li>Wiedza finansowa jako umiej\u0119tno\u015b\u0107 \u017cyciowa dla m\u0142odzie\u017cy.<\/li><li>Innowacyjne oparte na grywalizacji podej\u015bcie do edukacji.<\/li><li>W\u0142\u0105czenie grup szczeg\u00f3lnie wra\u017cliwych do edukacji finansowej.<\/li><\/ul>\t\t\t\t\t\t\t\t<\/div>\n\t\t\t\t<\/div>\n\t\t\t\t<\/div>\n\t\t\t\t<\/div>\n\t\t\t\t\t<\/div>\n\t\t\t\t<\/div>\n\t\t<div class=\"elementor-element elementor-element-8fb9d67 e-flex e-con-boxed e-con e-parent\" data-id=\"8fb9d67\" data-element_type=\"container\" data-e-type=\"container\">\n\t\t\t\t\t<div class=\"e-con-inner\">\n\t\t<div class=\"elementor-element elementor-element-25acada e-con-full e-flex e-con e-child\" data-id=\"25acada\" data-element_type=\"container\" data-e-type=\"container\">\n\t\t\t\t<div class=\"elementor-element elementor-element-323b7ff elementor-widget elementor-widget-menu-anchor\" data-id=\"323b7ff\" data-element_type=\"widget\" data-e-type=\"widget\" data-widget_type=\"menu-anchor.default\">\n\t\t\t\t<div class=\"elementor-widget-container\">\n\t\t\t\t\t\t\t<div class=\"elementor-menu-anchor\" id=\"about\"><\/div>\n\t\t\t\t\t\t<\/div>\n\t\t\t\t<\/div>\n\t\t\t\t<div class=\"elementor-element elementor-element-79ae9fc elementor-widget elementor-widget-heading\" data-id=\"79ae9fc\" data-element_type=\"widget\" data-e-type=\"widget\" data-widget_type=\"heading.default\">\n\t\t\t\t<div class=\"elementor-widget-container\">\n\t\t\t\t\t<h2 class=\"elementor-heading-title elementor-size-default\">Wi\u0119cej o projekcie PROFIT <\/h2>\t\t\t\t<\/div>\n\t\t\t\t<\/div>\n\t\t\t\t<div class=\"elementor-element elementor-element-cb41908 elementor-widget elementor-widget-text-editor\" data-id=\"cb41908\" data-element_type=\"widget\" data-e-type=\"widget\" data-widget_type=\"text-editor.default\">\n\t\t\t\t<div class=\"elementor-widget-container\">\n\t\t\t\t\t\t\t\t\t<p>Projekt PROFIT odpowiada na kluczow\u0105 potrzeb\u0119 poprawy umiej\u0119tno\u015bci finansowych w\u015br\u00f3d m\u0142odzie\u017cy, co stanowi rosn\u0105ce wyzwanie, poniewa\u017c staj\u0105 oni przed wczesnymi decyzjami finansowymi, takimi jak zarz\u0105dzanie umowami, kontami bankowymi i zarobkami w niepe\u0142nym wymiarze godzin. Ten kluczowy etap, zw\u0142aszcza podczas przechodzenia do szko\u0142y \u015bredniej lub wy\u017cszej, podkre\u015bla znaczenie wyposa\u017cenia m\u0142odych Europejczyk\u00f3w w podstawowe umiej\u0119tno\u015bci finansowe.<\/p><p>Opracowuj\u0105c innowacyjn\u0105, grywalizacyjn\u0105 cyfrow\u0105 powie\u015b\u0107 graficzn\u0105 (GDGN), PROFIT zapewnia anga\u017cuj\u0105ce i interaktywne narz\u0119dzie, dzi\u0119ki kt\u00f3remu koncepcje finansowe staj\u0105 si\u0119 dost\u0119pne i zrozumia\u0142e. Projekt wype\u0142nia luki w wiedzy finansowej poprzez grywalizacj\u0119, \u0142\u0105cz\u0105c projektowanie gier wideo i opowiadanie historii, aby skutecznie wspiera\u0107 m\u0142odych ludzi w przej\u015bciu do doros\u0142o\u015bci.<\/p><p>PROFIT wzmacnia r\u00f3wnie\u017c pozycj\u0119 nauczycieli, rodzic\u00f3w i organizacji spo\u0142ecznych w celu poprawy edukacji finansowej, wywieraj\u0105c trwa\u0142y wp\u0142yw na jednostki i spo\u0142eczno\u015bci poprzez wspieranie umiej\u0119tno\u015bci finansowych jako umiej\u0119tno\u015bci \u017cyciowych zapewniaj\u0105cych stabiln\u0105 i dostatni\u0105 przysz\u0142o\u015b\u0107.<\/p>\t\t\t\t\t\t\t\t<\/div>\n\t\t\t\t<\/div>\n\t\t\t\t<\/div>\n\t\t<div class=\"elementor-element elementor-element-ce0cf9a e-con-full e-flex e-con e-child\" data-id=\"ce0cf9a\" data-element_type=\"container\" data-e-type=\"container\">\n\t\t\t\t<div class=\"elementor-element elementor-element-cc73bc0 elementor-widget elementor-widget-image\" data-id=\"cc73bc0\" data-element_type=\"widget\" data-e-type=\"widget\" data-widget_type=\"image.default\">\n\t\t\t\t<div class=\"elementor-widget-container\">\n\t\t\t\t\t\t\t\t\t\t\t\t\t\t\t<img fetchpriority=\"high\" decoding=\"async\" width=\"1024\" height=\"1024\" src=\"https:\/\/profit.erasmus.site\/wp-content\/uploads\/2025\/06\/Lost-in-thought-dark-1024x1024.webp\" class=\"attachment-large size-large wp-image-350\" alt=\"\" srcset=\"https:\/\/profit.erasmus.site\/wp-content\/uploads\/2025\/06\/Lost-in-thought-dark-1024x1024.webp 1024w, https:\/\/profit.erasmus.site\/wp-content\/uploads\/2025\/06\/Lost-in-thought-dark-300x300.webp 300w, https:\/\/profit.erasmus.site\/wp-content\/uploads\/2025\/06\/Lost-in-thought-dark-150x150.webp 150w, https:\/\/profit.erasmus.site\/wp-content\/uploads\/2025\/06\/Lost-in-thought-dark-768x768.webp 768w, https:\/\/profit.erasmus.site\/wp-content\/uploads\/2025\/06\/Lost-in-thought-dark-24x24.webp 24w, https:\/\/profit.erasmus.site\/wp-content\/uploads\/2025\/06\/Lost-in-thought-dark-36x36.webp 36w, https:\/\/profit.erasmus.site\/wp-content\/uploads\/2025\/06\/Lost-in-thought-dark-48x48.webp 48w, https:\/\/profit.erasmus.site\/wp-content\/uploads\/2025\/06\/Lost-in-thought-dark.webp 1080w\" sizes=\"(max-width: 1024px) 100vw, 1024px\" \/>\t\t\t\t\t\t\t\t\t\t\t\t\t\t\t<\/div>\n\t\t\t\t<\/div>\n\t\t\t\t<\/div>\n\t\t\t\t\t<\/div>\n\t\t\t\t<\/div>\n\t\t<div class=\"elementor-element elementor-element-7e715f4 e-flex e-con-boxed e-con e-parent\" data-id=\"7e715f4\" data-element_type=\"container\" data-e-type=\"container\">\n\t\t\t\t\t<div class=\"e-con-inner\">\n\t\t\t\t<div class=\"elementor-element elementor-element-62dcb8b elementor-widget elementor-widget-menu-anchor\" data-id=\"62dcb8b\" data-element_type=\"widget\" data-e-type=\"widget\" data-widget_type=\"menu-anchor.default\">\n\t\t\t\t<div class=\"elementor-widget-container\">\n\t\t\t\t\t\t\t<div class=\"elementor-menu-anchor\" id=\"results\"><\/div>\n\t\t\t\t\t\t<\/div>\n\t\t\t\t<\/div>\n\t\t\t\t<div class=\"elementor-element elementor-element-de38422 elementor-widget elementor-widget-heading\" data-id=\"de38422\" data-element_type=\"widget\" data-e-type=\"widget\" data-widget_type=\"heading.default\">\n\t\t\t\t<div class=\"elementor-widget-container\">\n\t\t\t\t\t<h2 class=\"elementor-heading-title elementor-size-default\">G\u0142\u00f3wne rezultaty<\/h2>\t\t\t\t<\/div>\n\t\t\t\t<\/div>\n\t\t\t\t\t<\/div>\n\t\t\t\t<\/div>\n\t\t<div class=\"elementor-element elementor-element-1221c53 e-flex e-con-boxed e-con e-parent\" data-id=\"1221c53\" data-element_type=\"container\" data-e-type=\"container\">\n\t\t\t\t\t<div class=\"e-con-inner\">\n\t\t<div class=\"elementor-element elementor-element-57a50d6 e-con-full e-flex e-con e-child\" data-id=\"57a50d6\" data-element_type=\"container\" data-e-type=\"container\">\n\t\t\t\t<div class=\"elementor-element elementor-element-f914f26 elementor-widget elementor-widget-image\" data-id=\"f914f26\" data-element_type=\"widget\" data-e-type=\"widget\" data-widget_type=\"image.default\">\n\t\t\t\t<div class=\"elementor-widget-container\">\n\t\t\t\t\t\t\t\t\t\t\t\t\t\t\t<img decoding=\"async\" width=\"150\" height=\"150\" src=\"https:\/\/profit.erasmus.site\/wp-content\/uploads\/2025\/06\/List-of-key-financial-skills-150x150.webp\" class=\"attachment-thumbnail size-thumbnail wp-image-355\" alt=\"\" srcset=\"https:\/\/profit.erasmus.site\/wp-content\/uploads\/2025\/06\/List-of-key-financial-skills-150x150.webp 150w, https:\/\/profit.erasmus.site\/wp-content\/uploads\/2025\/06\/List-of-key-financial-skills-300x300.webp 300w, https:\/\/profit.erasmus.site\/wp-content\/uploads\/2025\/06\/List-of-key-financial-skills-1024x1024.webp 1024w, https:\/\/profit.erasmus.site\/wp-content\/uploads\/2025\/06\/List-of-key-financial-skills-768x768.webp 768w, https:\/\/profit.erasmus.site\/wp-content\/uploads\/2025\/06\/List-of-key-financial-skills-24x24.webp 24w, https:\/\/profit.erasmus.site\/wp-content\/uploads\/2025\/06\/List-of-key-financial-skills-36x36.webp 36w, https:\/\/profit.erasmus.site\/wp-content\/uploads\/2025\/06\/List-of-key-financial-skills-48x48.webp 48w, https:\/\/profit.erasmus.site\/wp-content\/uploads\/2025\/06\/List-of-key-financial-skills.webp 1080w\" sizes=\"(max-width: 150px) 100vw, 150px\" \/>\t\t\t\t\t\t\t\t\t\t\t\t\t\t\t<\/div>\n\t\t\t\t<\/div>\n\t\t\t\t<div class=\"elementor-element elementor-element-6f98b1c elementor-widget elementor-widget-heading\" data-id=\"6f98b1c\" data-element_type=\"widget\" data-e-type=\"widget\" data-widget_type=\"heading.default\">\n\t\t\t\t<div class=\"elementor-widget-container\">\n\t\t\t\t\t<h4 class=\"elementor-heading-title elementor-size-default\">Wiedza finansowa m\u0142odzie\u017cy w Europie: raport badawczy<\/h4>\t\t\t\t<\/div>\n\t\t\t\t<\/div>\n\t\t\t\t<div class=\"elementor-element elementor-element-eb47bfc elementor-align-center elementor-widget elementor-widget-button\" data-id=\"eb47bfc\" data-element_type=\"widget\" data-e-type=\"widget\" data-widget_type=\"button.default\">\n\t\t\t\t<div class=\"elementor-widget-container\">\n\t\t\t\t\t\t\t\t\t<div class=\"elementor-button-wrapper\">\n\t\t\t\t\t<a class=\"elementor-button elementor-button-link elementor-size-sm\" href=\"https:\/\/profit.erasmus.site\/wp-content\/uploads\/2025\/12\/PL-Ebook-PROFIT-WP2-2.5-RESEARCH-REPORT.docx-.pdf.pdf\" download=\"\">\n\t\t\t\t\t\t<span class=\"elementor-button-content-wrapper\">\n\t\t\t\t\t\t\t\t\t<span class=\"elementor-button-text\">Download<\/span>\n\t\t\t\t\t<\/span>\n\t\t\t\t\t<\/a>\n\t\t\t\t<\/div>\n\t\t\t\t\t\t\t\t<\/div>\n\t\t\t\t<\/div>\n\t\t\t\t<\/div>\n\t\t<div class=\"elementor-element elementor-element-67ffea6 e-con-full e-flex e-con e-child\" data-id=\"67ffea6\" data-element_type=\"container\" data-e-type=\"container\">\n\t\t\t\t<div class=\"elementor-element elementor-element-80fde34 elementor-widget elementor-widget-image\" data-id=\"80fde34\" data-element_type=\"widget\" data-e-type=\"widget\" data-widget_type=\"image.default\">\n\t\t\t\t<div class=\"elementor-widget-container\">\n\t\t\t\t\t\t\t\t\t\t\t\t\t\t\t<img decoding=\"async\" width=\"150\" height=\"150\" src=\"https:\/\/profit.erasmus.site\/wp-content\/uploads\/2025\/06\/GDGN-150x150.webp\" class=\"attachment-thumbnail size-thumbnail wp-image-356\" alt=\"\" srcset=\"https:\/\/profit.erasmus.site\/wp-content\/uploads\/2025\/06\/GDGN-150x150.webp 150w, https:\/\/profit.erasmus.site\/wp-content\/uploads\/2025\/06\/GDGN-300x300.webp 300w, https:\/\/profit.erasmus.site\/wp-content\/uploads\/2025\/06\/GDGN-1024x1024.webp 1024w, https:\/\/profit.erasmus.site\/wp-content\/uploads\/2025\/06\/GDGN-768x768.webp 768w, https:\/\/profit.erasmus.site\/wp-content\/uploads\/2025\/06\/GDGN-24x24.webp 24w, https:\/\/profit.erasmus.site\/wp-content\/uploads\/2025\/06\/GDGN-36x36.webp 36w, https:\/\/profit.erasmus.site\/wp-content\/uploads\/2025\/06\/GDGN-48x48.webp 48w, https:\/\/profit.erasmus.site\/wp-content\/uploads\/2025\/06\/GDGN.webp 1080w\" sizes=\"(max-width: 150px) 100vw, 150px\" \/>\t\t\t\t\t\t\t\t\t\t\t\t\t\t\t<\/div>\n\t\t\t\t<\/div>\n\t\t\t\t<div class=\"elementor-element elementor-element-a938a3e elementor-widget elementor-widget-heading\" data-id=\"a938a3e\" data-element_type=\"widget\" data-e-type=\"widget\" data-widget_type=\"heading.default\">\n\t\t\t\t<div class=\"elementor-widget-container\">\n\t\t\t\t\t<h4 class=\"elementor-heading-title elementor-size-default\">Grywalizacyjna cyfrowa powie\u015b\u0107 graficzna (GDGN) <\/h4>\t\t\t\t<\/div>\n\t\t\t\t<\/div>\n\t\t\t\t<\/div>\n\t\t<div class=\"elementor-element elementor-element-279d0ec e-con-full e-flex e-con e-child\" data-id=\"279d0ec\" data-element_type=\"container\" data-e-type=\"container\">\n\t\t\t\t<div class=\"elementor-element elementor-element-24cb80f elementor-widget elementor-widget-image\" data-id=\"24cb80f\" data-element_type=\"widget\" data-e-type=\"widget\" data-widget_type=\"image.default\">\n\t\t\t\t<div class=\"elementor-widget-container\">\n\t\t\t\t\t\t\t\t\t\t\t\t\t\t\t<img loading=\"lazy\" decoding=\"async\" width=\"150\" height=\"150\" src=\"https:\/\/profit.erasmus.site\/wp-content\/uploads\/2025\/06\/Financial-Dictionary-150x150.webp\" class=\"attachment-thumbnail size-thumbnail wp-image-357\" alt=\"\" srcset=\"https:\/\/profit.erasmus.site\/wp-content\/uploads\/2025\/06\/Financial-Dictionary-150x150.webp 150w, https:\/\/profit.erasmus.site\/wp-content\/uploads\/2025\/06\/Financial-Dictionary-300x300.webp 300w, https:\/\/profit.erasmus.site\/wp-content\/uploads\/2025\/06\/Financial-Dictionary-1024x1024.webp 1024w, https:\/\/profit.erasmus.site\/wp-content\/uploads\/2025\/06\/Financial-Dictionary-768x768.webp 768w, https:\/\/profit.erasmus.site\/wp-content\/uploads\/2025\/06\/Financial-Dictionary-24x24.webp 24w, https:\/\/profit.erasmus.site\/wp-content\/uploads\/2025\/06\/Financial-Dictionary-36x36.webp 36w, https:\/\/profit.erasmus.site\/wp-content\/uploads\/2025\/06\/Financial-Dictionary-48x48.webp 48w, https:\/\/profit.erasmus.site\/wp-content\/uploads\/2025\/06\/Financial-Dictionary.webp 1080w\" sizes=\"(max-width: 150px) 100vw, 150px\" \/>\t\t\t\t\t\t\t\t\t\t\t\t\t\t\t<\/div>\n\t\t\t\t<\/div>\n\t\t\t\t<div class=\"elementor-element elementor-element-afd99d1 elementor-widget elementor-widget-heading\" data-id=\"afd99d1\" data-element_type=\"widget\" data-e-type=\"widget\" data-widget_type=\"heading.default\">\n\t\t\t\t<div class=\"elementor-widget-container\">\n\t\t\t\t\t<h4 class=\"elementor-heading-title elementor-size-default\">S\u0142ownik finansowy<\/h4>\t\t\t\t<\/div>\n\t\t\t\t<\/div>\n\t\t\t\t<\/div>\n\t\t<div class=\"elementor-element elementor-element-d0b2831 e-con-full e-flex e-con e-child\" data-id=\"d0b2831\" data-element_type=\"container\" data-e-type=\"container\">\n\t\t\t\t<div class=\"elementor-element elementor-element-95abf20 elementor-widget elementor-widget-image\" data-id=\"95abf20\" data-element_type=\"widget\" data-e-type=\"widget\" data-widget_type=\"image.default\">\n\t\t\t\t<div class=\"elementor-widget-container\">\n\t\t\t\t\t\t\t\t\t\t\t\t\t\t\t<img loading=\"lazy\" decoding=\"async\" width=\"150\" height=\"150\" src=\"https:\/\/profit.erasmus.site\/wp-content\/uploads\/2025\/06\/Community-of-Practice-150x150.webp\" class=\"attachment-thumbnail size-thumbnail wp-image-358\" alt=\"\" srcset=\"https:\/\/profit.erasmus.site\/wp-content\/uploads\/2025\/06\/Community-of-Practice-150x150.webp 150w, https:\/\/profit.erasmus.site\/wp-content\/uploads\/2025\/06\/Community-of-Practice-300x300.webp 300w, https:\/\/profit.erasmus.site\/wp-content\/uploads\/2025\/06\/Community-of-Practice-1024x1024.webp 1024w, https:\/\/profit.erasmus.site\/wp-content\/uploads\/2025\/06\/Community-of-Practice-768x768.webp 768w, https:\/\/profit.erasmus.site\/wp-content\/uploads\/2025\/06\/Community-of-Practice-24x24.webp 24w, https:\/\/profit.erasmus.site\/wp-content\/uploads\/2025\/06\/Community-of-Practice-36x36.webp 36w, https:\/\/profit.erasmus.site\/wp-content\/uploads\/2025\/06\/Community-of-Practice-48x48.webp 48w, https:\/\/profit.erasmus.site\/wp-content\/uploads\/2025\/06\/Community-of-Practice.webp 1080w\" sizes=\"(max-width: 150px) 100vw, 150px\" \/>\t\t\t\t\t\t\t\t\t\t\t\t\t\t\t<\/div>\n\t\t\t\t<\/div>\n\t\t\t\t<div class=\"elementor-element elementor-element-157561c elementor-widget elementor-widget-heading\" data-id=\"157561c\" data-element_type=\"widget\" data-e-type=\"widget\" data-widget_type=\"heading.default\">\n\t\t\t\t<div class=\"elementor-widget-container\">\n\t\t\t\t\t<h4 class=\"elementor-heading-title elementor-size-default\">Spo\u0142eczno\u015b\u0107 praktyk\u00f3w (CoP)<\/h4>\t\t\t\t<\/div>\n\t\t\t\t<\/div>\n\t\t\t\t<\/div>\n\t\t\t\t\t<\/div>\n\t\t\t\t<\/div>\n\t\t\t\t<\/div>\n\t\t","protected":false},"excerpt":{"rendered":"<p>PROFIT Personal Reflection On Finance, Investment, Terminology Projekt PROFIT umo\u017cliwia m\u0142odzie\u017cy rozwijanie podstawowych umiej\u0119tno\u015bci finansowych poprzez wci\u0105gaj\u0105c\u0105, grywalizacyjn\u0105 cyfrow\u0105 powie\u015b\u0107 graficzn\u0105 (GDGN). \u0141\u0105cz\u0105c opowiadanie historii i grywalizacj\u0119, zajmuje si\u0119 dysproporcjami w wiedzy finansowej, wspieraj\u0105c \u015bwiadome podejmowanie decyzji i p\u0142ynne przej\u015bcie do doros\u0142o\u015bci. Tematy podejmowane przez PROFIT: Wiedza finansowa jako umiej\u0119tno\u015b\u0107 \u017cyciowa dla m\u0142odzie\u017cy. Innowacyjne oparte&hellip;&nbsp;<a href=\"https:\/\/profit.erasmus.site\/pl\/\" rel=\"bookmark\">Dowiedz si\u0119 wi\u0119cej &raquo;<span class=\"screen-reader-text\">Strona g\u0142\u00f3wna<\/span><\/a><\/p>\n","protected":false},"author":1,"featured_media":0,"parent":0,"menu_order":0,"comment_status":"closed","ping_status":"closed","template":"page-templates\/template-pagebuilder-full-width.php","meta":{"neve_meta_sidebar":"","neve_meta_container":"","neve_meta_enable_content_width":"off","neve_meta_content_width":100,"neve_meta_title_alignment":"","neve_meta_author_avatar":"","neve_post_elements_order":"","neve_meta_disable_header":"","neve_meta_disable_footer":"","neve_meta_disable_title":"on","footnotes":""},"class_list":["post-46","page","type-page","status-publish","hentry"],"_links":{"self":[{"href":"https:\/\/profit.erasmus.site\/pl\/wp-json\/wp\/v2\/pages\/46","targetHints":{"allow":["GET"]}}],"collection":[{"href":"https:\/\/profit.erasmus.site\/pl\/wp-json\/wp\/v2\/pages"}],"about":[{"href":"https:\/\/profit.erasmus.site\/pl\/wp-json\/wp\/v2\/types\/page"}],"author":[{"embeddable":true,"href":"https:\/\/profit.erasmus.site\/pl\/wp-json\/wp\/v2\/users\/1"}],"replies":[{"embeddable":true,"href":"https:\/\/profit.erasmus.site\/pl\/wp-json\/wp\/v2\/comments?post=46"}],"version-history":[{"count":135,"href":"https:\/\/profit.erasmus.site\/pl\/wp-json\/wp\/v2\/pages\/46\/revisions"}],"predecessor-version":[{"id":512,"href":"https:\/\/profit.erasmus.site\/pl\/wp-json\/wp\/v2\/pages\/46\/revisions\/512"}],"wp:attachment":[{"href":"https:\/\/profit.erasmus.site\/pl\/wp-json\/wp\/v2\/media?parent=46"}],"curies":[{"name":"wp","href":"https:\/\/api.w.org\/{rel}","templated":true}]}}